{"id":19,"date":"2021-11-08T21:34:39","date_gmt":"2021-11-08T20:34:39","guid":{"rendered":"https:\/\/biography.patrikrosa.sk\/?page_id=19"},"modified":"2023-11-23T10:02:49","modified_gmt":"2023-11-23T09:02:49","slug":"home","status":"publish","type":"page","link":"https:\/\/biography.patrikrosa.sk\/sk\/","title":{"rendered":"O MNE"},"content":{"rendered":"<figure class=\"wp-block-image alignwide size-full is-style-default\"><img loading=\"lazy\" decoding=\"async\" width=\"787\" height=\"500\" src=\"https:\/\/biography.patrikrosa.sk\/wp-content\/uploads\/2021\/11\/Ashampoo_Snap_2020.06.13_16h13m51s_002_-787x500-1.png\" alt=\"\" class=\"wp-image-20\" srcset=\"https:\/\/biography.patrikrosa.sk\/wp-content\/uploads\/2021\/11\/Ashampoo_Snap_2020.06.13_16h13m51s_002_-787x500-1.png 787w, https:\/\/biography.patrikrosa.sk\/wp-content\/uploads\/2021\/11\/Ashampoo_Snap_2020.06.13_16h13m51s_002_-787x500-1-300x191.png 300w, https:\/\/biography.patrikrosa.sk\/wp-content\/uploads\/2021\/11\/Ashampoo_Snap_2020.06.13_16h13m51s_002_-787x500-1-768x488.png 768w\" sizes=\"auto, (max-width: 787px) 100vw, 787px\" \/><\/figure>\n\n\n\n<h4 class=\"wp-block-heading alignfull has-text-align-center\"><strong>Ka\u017ed\u00fd de\u0148 dost\u00e1vam darom 86 400 sek\u00fand \u017eivota. <\/strong><\/h4>\n\n\n\n<h5 class=\"wp-block-heading alignfull has-text-align-center\">                                                                       <strong>\u010eakujem<\/strong><\/h5>\n\n\n\n<p class=\"has-text-align-center has-small-font-size\"><strong>S\u00fa len dva dni v roku, ke\u010f naozaj nem\u00f4\u017ee\u0161 ni\u010d robi\u0165.<\/strong><\/p>\n\n\n\n<p class=\"has-text-align-center has-small-font-size\"><strong>Prv\u00fd sa vol\u00e1 v\u010dera a druh\u00fd sa vol\u00e1 zajtra. Dnes je ten spr\u00e1vny de\u0148, kedy by ste mali milova\u0165, veri\u0165, kona\u0165 a najm\u00e4 \u017ei\u0165.<\/strong><\/p>","protected":false},"excerpt":{"rendered":"<p>I get a gift of 86,400 seconds LIFE every day. Well thank you. There are only two days a year when you really can&#8217;t do anything. The first is called yesterday and the second is called tomorrow. Today is the right day when you should love, believe, act and, especially,<\/p>\n<div class=\"belowpost\"><a class=\"btnmore icon-arrow\" href=\"https:\/\/biography.patrikrosa.sk\/sk\/\"><span>Read More<\/span><\/a><\/div>","protected":false},"author":1,"featured_media":0,"parent":0,"menu_order":0,"comment_status":"closed","ping_status":"closed","template":"","meta":{"footnotes":""},"class_list":["post-19","page","type-page","status-publish","hentry"],"_links":{"self":[{"href":"https:\/\/biography.patrikrosa.sk\/sk\/wp-json\/wp\/v2\/pages\/19","targetHints":{"allow":["GET"]}}],"collection":[{"href":"https:\/\/biography.patrikrosa.sk\/sk\/wp-json\/wp\/v2\/pages"}],"about":[{"href":"https:\/\/biography.patrikrosa.sk\/sk\/wp-json\/wp\/v2\/types\/page"}],"author":[{"embeddable":true,"href":"https:\/\/biography.patrikrosa.sk\/sk\/wp-json\/wp\/v2\/users\/1"}],"replies":[{"embeddable":true,"href":"https:\/\/biography.patrikrosa.sk\/sk\/wp-json\/wp\/v2\/comments?post=19"}],"version-history":[{"count":0,"href":"https:\/\/biography.patrikrosa.sk\/sk\/wp-json\/wp\/v2\/pages\/19\/revisions"}],"wp:attachment":[{"href":"https:\/\/biography.patrikrosa.sk\/sk\/wp-json\/wp\/v2\/media?parent=19"}],"curies":[{"name":"wp","href":"https:\/\/api.w.org\/{rel}","templated":true}]}}