{"id":421,"date":"2023-02-19T23:23:07","date_gmt":"2023-02-19T22:23:07","guid":{"rendered":"https:\/\/biography.patrikrosa.sk\/?page_id=421"},"modified":"2023-06-22T20:42:57","modified_gmt":"2023-06-22T18:42:57","slug":"my-hobbies","status":"publish","type":"page","link":"https:\/\/biography.patrikrosa.sk\/sk\/my-hobbies\/","title":{"rendered":"MOJE KON\u00cd\u010cKY"},"content":{"rendered":"<blockquote class=\"wp-block-quote has-text-align-right is-layout-flow wp-block-quote-is-layout-flow\">\n<p class=\"has-text-align-center\">Rob\u00edm to, \u010do ma bav\u00ed, ka\u017ed\u00fd de\u0148 a ne\u010dak\u00e1m, k\u00fdm budem v d\u00f4chodkovom veku.<\/p>\n<cite>Patrik Rosa<\/cite><\/blockquote>\n\n\n\n<hr class=\"wp-block-separator has-css-opacity\"\/>\n\n\n\n<table id=\"tablepress-1\" class=\"tablepress tablepress-id-1\">\n<thead>\n<tr class=\"row-1\">\n\t<th class=\"column-1\">MOJE KON\u00cd\u010cKY v interi\u00e9ri<\/th><th class=\"column-2\">MOJE KON\u00cd\u010cKY v exteri\u00e9ri<\/th><th class=\"column-3\">MOJE NOV\u00c9 KON\u00cd\u010cKY<\/th><th class=\"column-4\">MOJE PL\u00c1NOVAN\u00c9 KON\u00cd\u010cKY<\/th>\n<\/tr>\n<\/thead>\n<tbody class=\"row-striping row-hover\">\n<tr class=\"row-2\">\n\t<td class=\"column-1\">U\u010denie<\/td><td class=\"column-2\">Jazda na bicykli<\/td><td class=\"column-3\">Kr\u00ed\u017eovky<\/td><td class=\"column-4\"><\/td>\n<\/tr>\n<tr class=\"row-3\">\n\t<td class=\"column-1\">U\u010denie sa cudz\u00edch jazykov<\/td><td class=\"column-2\">Cestn\u00e1 cyklistika<\/td><td class=\"column-3\">Urob si s\u00e1m<\/td><td class=\"column-4\"><\/td>\n<\/tr>\n<tr class=\"row-4\">\n\t<td class=\"column-1\"><span style=\"color: black font-family: Arial, Helvetica\">Po\u010d\u00favanie hudby<\/span><a href=\"http:\/\/music.patrikrosa.sk\" target=\"_blank\" rel=\"noopener\"><img loading=\"lazy\" decoding=\"async\"  data-media-content=\"wpdt-media-content\"  src=\"https:\/\/biography.patrikrosa.sk\/wp-content\/uploads\/2023\/03\/hobby-white.png\" onmouseover=\"this.src = 'https:\/\/biography.patrikrosa.sk\/wp-content\/uploads\/2023\/03\/hobby-green.png';\" onmouseout=\"this.src = 'https:\/\/biography.patrikrosa.sk\/wp-content\/uploads\/2023\/03\/hobby-white.png';\" class=\"alignright size-full\" width=\"24\" height=\"24\" <a><\/td><td class=\"column-2\">Pl\u00e1vanie<\/td><td class=\"column-3\">3D tla\u010d<\/td><td class=\"column-4\"><\/td>\n<\/tr>\n<tr class=\"row-5\">\n\t<td class=\"column-1\">Po\u010d\u00favanie podcastov<\/td><td class=\"column-2\">Beh<\/td><td class=\"column-3\">Bungee Fitness<\/td><td class=\"column-4\"><\/td>\n<\/tr>\n<tr class=\"row-6\">\n\t<td class=\"column-1\">Pozeranie dokument\u00e1rnych filmov<\/td><td class=\"column-2\">\u0160vihadlo<\/td><td class=\"column-3\"><\/td><td class=\"column-4\">Tajn\u00e1 z\u00e1\u013euba<\/td>\n<\/tr>\n<tr class=\"row-7\">\n\t<td class=\"column-1\"><span style=\"color: black font-family: Arial, Helvetica\">\u010c\u00edtanie<\/span><a href=\"http:\/\/digibook.patrikrosa.sk\" target=\"_blank\" rel=\"noopener\"><img loading=\"lazy\" decoding=\"async\"  data-media-content=\"wpdt-media-content\"  src=\"https:\/\/biography.patrikrosa.sk\/wp-content\/uploads\/2023\/03\/hobby-white.png\" onmouseover=\"this.src = 'https:\/\/biography.patrikrosa.sk\/wp-content\/uploads\/2023\/03\/hobby-green.png';\" onmouseout=\"this.src = 'https:\/\/biography.patrikrosa.sk\/wp-content\/uploads\/2023\/03\/hobby-white.png';\" class=\"alignright size-full\" width=\"24\" height=\"24\" <a><\/td><td class=\"column-2\">Ch\u00f4dza<\/td><td class=\"column-3\"><\/td><td class=\"column-4\">Tajn\u00e1 z\u00e1\u013euba<\/td>\n<\/tr>\n<tr class=\"row-8\">\n\t<td class=\"column-1\"><span style=\"color: black font-family: Arial, Helvetica\">Zbieranie kn\u00edh<\/span><a href=\"http:\/\/digibook.patrikrosa.sk\" target=\"_blank\" rel=\"noopener\"><img loading=\"lazy\" decoding=\"async\"  data-media-content=\"wpdt-media-content\"  src=\"https:\/\/biography.patrikrosa.sk\/wp-content\/uploads\/2023\/03\/hobby-white.png\" onmouseover=\"this.src = 'https:\/\/biography.patrikrosa.sk\/wp-content\/uploads\/2023\/03\/hobby-green.png';\" onmouseout=\"this.src = 'https:\/\/biography.patrikrosa.sk\/wp-content\/uploads\/2023\/03\/hobby-white.png';\" class=\"alignright size-full\" width=\"24\" height=\"24\" <a><\/td><td class=\"column-2\">Pe\u0161ia turistika<\/td><td class=\"column-3\"><\/td><td class=\"column-4\">Tajn\u00e1 z\u00e1\u013euba<\/td>\n<\/tr>\n<tr class=\"row-9\">\n\t<td class=\"column-1\">Sledovanie filmov<\/td><td class=\"column-2\">V\u00fdlet mestom<\/td><td class=\"column-3\"><\/td><td class=\"column-4\">Tajn\u00e1 z\u00e1\u013euba<\/td>\n<\/tr>\n<tr class=\"row-10\">\n\t<td class=\"column-1\"><span style=\"color: black font-family: Arial, Helvetica\">Zbieranie filmov<\/span><a href=\"http:\/\/cinema.patrikrosa.sk\" target=\"_blank\" rel=\"noopener\"><img loading=\"lazy\" decoding=\"async\"  data-media-content=\"wpdt-media-content\"  src=\"https:\/\/biography.patrikrosa.sk\/wp-content\/uploads\/2023\/03\/hobby-white.png\" onmouseover=\"this.src = 'https:\/\/biography.patrikrosa.sk\/wp-content\/uploads\/2023\/03\/hobby-green.png';\" onmouseout=\"this.src = 'https:\/\/biography.patrikrosa.sk\/wp-content\/uploads\/2023\/03\/hobby-white.png';\" class=\"alignright size-full\" width=\"24\" height=\"24\" <a><\/td><td class=\"column-2\">Jazda na aute<\/td><td class=\"column-3\"><\/td><td class=\"column-4\">Tajn\u00e1 z\u00e1\u013euba<\/td>\n<\/tr>\n<tr class=\"row-11\">\n\t<td class=\"column-1\">Videohranie<\/td><td class=\"column-2\">Jazda na koni<\/td><td class=\"column-3\"><\/td><td class=\"column-4\">Tajn\u00e1 z\u00e1\u013euba<\/td>\n<\/tr>\n<tr class=\"row-12\">\n\t<td class=\"column-1\"><span style=\"color: black font-family: Arial, Helvetica\">Zbieranie videohier<\/span><a href=\"http:\/\/game.patrikrosa.sk\" target=\"_blank\" rel=\"noopener\"><img loading=\"lazy\" decoding=\"async\"  data-media-content=\"wpdt-media-content\"  src=\"https:\/\/biography.patrikrosa.sk\/wp-content\/uploads\/2023\/03\/hobby-white.png\" onmouseover=\"this.src = 'https:\/\/biography.patrikrosa.sk\/wp-content\/uploads\/2023\/03\/hobby-green.png';\" onmouseout=\"this.src = 'https:\/\/biography.patrikrosa.sk\/wp-content\/uploads\/2023\/03\/hobby-white.png';\" class=\"alignright size-full\" width=\"24\" height=\"24\" <a><\/td><td class=\"column-2\">Tenis<\/td><td class=\"column-3\"><\/td><td class=\"column-4\">Tajn\u00e1 z\u00e1\u013euba<\/td>\n<\/tr>\n<tr class=\"row-13\">\n\t<td class=\"column-1\">Vzh\u013ead str\u00e1nky<\/td><td class=\"column-2\">Kor\u010du\u013eovanie na \u013eade<\/td><td class=\"column-3\"><\/td><td class=\"column-4\">Tajn\u00e1 z\u00e1\u013euba<\/td>\n<\/tr>\n<tr class=\"row-14\">\n\t<td class=\"column-1\">Financie<\/td><td class=\"column-2\">Ly\u017eovanie<\/td><td class=\"column-3\"><\/td><td class=\"column-4\">Tajn\u00e1 z\u00e1\u013euba<\/td>\n<\/tr>\n<tr class=\"row-15\">\n\t<td class=\"column-1\">Chov akvar\u00edjnych r\u00fdb<\/td><td class=\"column-2\">Kanoistika<\/td><td class=\"column-3\"><\/td><td class=\"column-4\">Tajn\u00e1 z\u00e1\u013euba<\/td>\n<\/tr>\n<tr class=\"row-16\">\n\t<td class=\"column-1\">Starostlivos\u0165 o izbov\u00e9 rastliny<\/td><td class=\"column-2\">In-line kor\u010du\u013eovanie<\/td><td class=\"column-3\"><\/td><td class=\"column-4\">Tajn\u00e1 z\u00e1\u013euba<\/td>\n<\/tr>\n<tr class=\"row-17\">\n\t<td class=\"column-1\">Filatelia<\/td><td class=\"column-2\">Kor\u010du\u013eovanie<\/td><td class=\"column-3\"><\/td><td class=\"column-4\">Tajn\u00e1 z\u00e1\u013euba<\/td>\n<\/tr>\n<tr class=\"row-18\">\n\t<td class=\"column-1\">\u0160ach<\/td><td class=\"column-2\">H\u013eadanie h\u00fab\/mykol\u00f3gia<\/td><td class=\"column-3\"><\/td><td class=\"column-4\">Tajn\u00e1 z\u00e1\u013euba<\/td>\n<\/tr>\n<tr class=\"row-19\">\n\t<td class=\"column-1\">Stavebnica LEGO<\/td><td class=\"column-2\">Fotografovanie<\/td><td class=\"column-3\"><\/td><td class=\"column-4\">Tajn\u00e1 z\u00e1\u013euba<\/td>\n<\/tr>\n<tr class=\"row-20\">\n\t<td class=\"column-1\">Modelovanie \u017eelezni\u010dnej dopravy<\/td><td class=\"column-2\">Pestovanie zeleniny<\/td><td class=\"column-3\"><\/td><td class=\"column-4\">Tajn\u00e1 z\u00e1\u013euba<\/td>\n<\/tr>\n<tr class=\"row-21\">\n\t<td class=\"column-1\">Model lietadla<\/td><td class=\"column-2\">Minigolf<\/td><td class=\"column-3\"><\/td><td class=\"column-4\">Tajn\u00e1 z\u00e1\u013euba<\/td>\n<\/tr>\n<tr class=\"row-22\">\n\t<td class=\"column-1\">Kulturistika<\/td><td class=\"column-2\">N\u00e1v\u0161teva z\u00e1bavn\u00e9ho parku<\/td><td class=\"column-3\"><\/td><td class=\"column-4\">Tajn\u00e1 z\u00e1\u013euba<\/td>\n<\/tr>\n<tr class=\"row-23\">\n\t<td class=\"column-1\">Bowling<\/td><td class=\"column-2\">N\u00e1v\u0161teva m\u00fazea<\/td><td class=\"column-3\"><\/td><td class=\"column-4\">Tajn\u00e1 z\u00e1\u013euba<\/td>\n<\/tr>\n<tr class=\"row-24\">\n\t<td class=\"column-1\">Stoln\u00fd tenis<\/td><td class=\"column-2\">N\u00e1v\u0161teva ve\u013etrhu<\/td><td class=\"column-3\"><\/td><td class=\"column-4\">Tajn\u00e1 z\u00e1\u013euba<\/td>\n<\/tr>\n<tr class=\"row-25\">\n\t<td class=\"column-1\">Pozemn\u00fd hokej<\/td><td class=\"column-2\">N\u00e1v\u0161teva ZOO<\/td><td class=\"column-3\"><\/td><td class=\"column-4\">Tajn\u00e1 z\u00e1\u013euba<\/td>\n<\/tr>\n<tr class=\"row-26\">\n\t<td class=\"column-1\">Motok\u00e1rov\u00e9 preteky<\/td><td class=\"column-2\"><\/td><td class=\"column-3\"><\/td><td class=\"column-4\">Tajn\u00e1 z\u00e1\u013euba<\/td>\n<\/tr>\n<tr class=\"row-27\">\n\t<td class=\"column-1\">\u0160\u00edpky<\/td><td class=\"column-2\"><\/td><td class=\"column-3\"><\/td><td class=\"column-4\">Tajn\u00e1 z\u00e1\u013euba<\/td>\n<\/tr>\n<tr class=\"row-28\">\n\t<td class=\"column-1\">Stoln\u00fd futbal<\/td><td class=\"column-2\"><\/td><td class=\"column-3\"><\/td><td class=\"column-4\">Tajn\u00e1 z\u00e1\u013euba<\/td>\n<\/tr>\n<tr class=\"row-29\">\n\t<td class=\"column-1\">Biliard<\/td><td class=\"column-2\"><\/td><td class=\"column-3\"><\/td><td class=\"column-4\">Tajn\u00e1 z\u00e1\u013euba<\/td>\n<\/tr>\n<tr class=\"row-30\">\n\t<td class=\"column-1\">Vzdu\u0161n\u00fd hokej<\/td><td class=\"column-2\"><\/td><td class=\"column-3\"><\/td><td class=\"column-4\">Tajn\u00e1 z\u00e1\u013euba<\/td>\n<\/tr>\n<tr class=\"row-31\">\n\t<td class=\"column-1\">D\u00e1ma (\u0165ahy)<\/td><td class=\"column-2\"><\/td><td class=\"column-3\"><\/td><td class=\"column-4\">Tajn\u00e1 z\u00e1\u013euba<\/td>\n<\/tr>\n<tr class=\"row-32\">\n\t<td class=\"column-1\">Guli\u010dky<\/td><td class=\"column-2\"><\/td><td class=\"column-3\"><\/td><td class=\"column-4\">Tajn\u00e1 z\u00e1\u013euba<\/td>\n<\/tr>\n<tr class=\"row-33\">\n\t<td class=\"column-1\">Notaf\u00edlia (zberate\u013estvo bankoviek)<\/td><td class=\"column-2\"><\/td><td class=\"column-3\"><\/td><td class=\"column-4\">Tajn\u00e1 z\u00e1\u013euba<\/td>\n<\/tr>\n<tr class=\"row-34\">\n\t<td class=\"column-1\">Staro\u017eitnos\u0165<\/td><td class=\"column-2\"><\/td><td class=\"column-3\"><\/td><td class=\"column-4\">Tajn\u00e1 z\u00e1\u013euba<\/td>\n<\/tr>\n<tr class=\"row-35\">\n\t<td class=\"column-1\">Stre\u013eba<\/td><td class=\"column-2\"><\/td><td class=\"column-3\"><\/td><td class=\"column-4\">Tajn\u00e1 z\u00e1\u013euba<\/td>\n<\/tr>\n<tr class=\"row-36\">\n\t<td class=\"column-1\">Sledovanie \u0161portu<\/td><td class=\"column-2\"><\/td><td class=\"column-3\"><\/td><td class=\"column-4\"><\/td>\n<\/tr>\n<tr class=\"row-37\">\n\t<td class=\"column-1\"><\/td><td class=\"column-2\"><\/td><td class=\"column-3\"><\/td><td class=\"column-4\"><\/td>\n<\/tr>\n<tr class=\"row-38\">\n\t<td class=\"column-1\"><\/td><td class=\"column-2\"><\/td><td class=\"column-3\"><\/td><td class=\"column-4\"><img loading=\"lazy\" decoding=\"async\"  data-media-content=\"wpdt-media-content\"  src=\"https:\/\/biography.patrikrosa.sk\/wp-content\/uploads\/2023\/03\/hobby-white.png\" onmouseover=\"this.src = 'https:\/\/biography.patrikrosa.sk\/wp-content\/uploads\/2023\/03\/hobby-green.png';\" onmouseout=\"this.src = 'https:\/\/biography.patrikrosa.sk\/wp-content\/uploads\/2023\/03\/hobby-white.png';\" class=\"alignright size-full\" width=\"48\" height=\"48\" \/><\/td>\n<\/tr>\n<\/tbody>\n<\/table>\n<!-- #tablepress-1 from cache -->\n\n\n\n<p><\/p>\n\n\n\n<hr class=\"wp-block-separator has-css-opacity\"\/>","protected":false},"excerpt":{"rendered":"<p>I do what I enjoy every day now and I don&#8217;t wait until I&#8217;m of retirement age. Patrik Rosa<\/p>","protected":false},"author":1,"featured_media":0,"parent":0,"menu_order":0,"comment_status":"closed","ping_status":"closed","template":"","meta":{"footnotes":""},"class_list":["post-421","page","type-page","status-publish","hentry"],"_links":{"self":[{"href":"https:\/\/biography.patrikrosa.sk\/sk\/wp-json\/wp\/v2\/pages\/421","targetHints":{"allow":["GET"]}}],"collection":[{"href":"https:\/\/biography.patrikrosa.sk\/sk\/wp-json\/wp\/v2\/pages"}],"about":[{"href":"https:\/\/biography.patrikrosa.sk\/sk\/wp-json\/wp\/v2\/types\/page"}],"author":[{"embeddable":true,"href":"https:\/\/biography.patrikrosa.sk\/sk\/wp-json\/wp\/v2\/users\/1"}],"replies":[{"embeddable":true,"href":"https:\/\/biography.patrikrosa.sk\/sk\/wp-json\/wp\/v2\/comments?post=421"}],"version-history":[{"count":0,"href":"https:\/\/biography.patrikrosa.sk\/sk\/wp-json\/wp\/v2\/pages\/421\/revisions"}],"wp:attachment":[{"href":"https:\/\/biography.patrikrosa.sk\/sk\/wp-json\/wp\/v2\/media?parent=421"}],"curies":[{"name":"wp","href":"https:\/\/api.w.org\/{rel}","templated":true}]}}