{"id":498,"date":"2023-08-10T10:05:29","date_gmt":"2023-08-10T08:05:29","guid":{"rendered":"https:\/\/biography.patrikrosa.sk\/?page_id=498"},"modified":"2023-08-10T10:17:33","modified_gmt":"2023-08-10T08:17:33","slug":"rosaizmus","status":"publish","type":"page","link":"https:\/\/biography.patrikrosa.sk\/sk\/rosaizmus\/","title":{"rendered":"ROSAizmus"},"content":{"rendered":"<div class=\"wp-block-media-text alignwide has-media-on-the-right is-stacked-on-mobile\" style=\"grid-template-columns:auto 64%\"><div class=\"wp-block-media-text__content\">\n<p style=\"font-size:24px\"><strong>ROSAizmus <\/strong><\/p>\n\n\n\n<p style=\"font-size:24px\"><strong>\u2013 filozofick\u00fd smer zalo\u017een\u00fd 08.08.2022.                           <\/strong><\/p>\n\n\n\n<p style=\"font-size:24px\"><strong>Zakladate\u013eom je Patrik Rosa<\/strong><\/p>\n<\/div><figure class=\"wp-block-media-text__media\"><img loading=\"lazy\" decoding=\"async\" width=\"992\" height=\"1024\" src=\"https:\/\/biography.patrikrosa.sk\/wp-content\/uploads\/2023\/08\/bubbles-web-992x1024.png\" alt=\"\" class=\"wp-image-507 size-full\" srcset=\"https:\/\/biography.patrikrosa.sk\/wp-content\/uploads\/2023\/08\/bubbles-web-992x1024.png 992w, https:\/\/biography.patrikrosa.sk\/wp-content\/uploads\/2023\/08\/bubbles-web-291x300.png 291w, https:\/\/biography.patrikrosa.sk\/wp-content\/uploads\/2023\/08\/bubbles-web-768x793.png 768w, https:\/\/biography.patrikrosa.sk\/wp-content\/uploads\/2023\/08\/bubbles-web-1488x1536.png 1488w, https:\/\/biography.patrikrosa.sk\/wp-content\/uploads\/2023\/08\/bubbles-web-1984x2048.png 1984w, https:\/\/biography.patrikrosa.sk\/wp-content\/uploads\/2023\/08\/bubbles-web-12x12.png 12w\" sizes=\"auto, (max-width: 992px) 100vw, 992px\" \/><\/figure><\/div>","protected":false},"excerpt":{"rendered":"<p>ROSAism &#8211; philosophical direction founded on 08.08.2022. The founder is Patrik Rosa<\/p>","protected":false},"author":1,"featured_media":0,"parent":0,"menu_order":0,"comment_status":"closed","ping_status":"closed","template":"","meta":{"footnotes":""},"class_list":["post-498","page","type-page","status-publish","hentry"],"_links":{"self":[{"href":"https:\/\/biography.patrikrosa.sk\/sk\/wp-json\/wp\/v2\/pages\/498","targetHints":{"allow":["GET"]}}],"collection":[{"href":"https:\/\/biography.patrikrosa.sk\/sk\/wp-json\/wp\/v2\/pages"}],"about":[{"href":"https:\/\/biography.patrikrosa.sk\/sk\/wp-json\/wp\/v2\/types\/page"}],"author":[{"embeddable":true,"href":"https:\/\/biography.patrikrosa.sk\/sk\/wp-json\/wp\/v2\/users\/1"}],"replies":[{"embeddable":true,"href":"https:\/\/biography.patrikrosa.sk\/sk\/wp-json\/wp\/v2\/comments?post=498"}],"version-history":[{"count":0,"href":"https:\/\/biography.patrikrosa.sk\/sk\/wp-json\/wp\/v2\/pages\/498\/revisions"}],"wp:attachment":[{"href":"https:\/\/biography.patrikrosa.sk\/sk\/wp-json\/wp\/v2\/media?parent=498"}],"curies":[{"name":"wp","href":"https:\/\/api.w.org\/{rel}","templated":true}]}}