{"id":95,"date":"2021-11-11T23:36:24","date_gmt":"2021-11-11T22:36:24","guid":{"rendered":"https:\/\/biography.patrikrosa.sk\/?page_id=95"},"modified":"2023-11-24T12:04:18","modified_gmt":"2023-11-24T11:04:18","slug":"motto","status":"publish","type":"page","link":"https:\/\/biography.patrikrosa.sk\/sk\/motto\/","title":{"rendered":"MOTTO"},"content":{"rendered":"<figure class=\"wp-block-pullquote is-style-default has-border-color has-black-color has-text-color\" style=\"border-color:#000000\"><blockquote><p>\u201c Najv\u00e4\u010d\u0161\u00ed poklad, ktor\u00fd m\u00e1 ka\u017ed\u00fd \u010dlovek:<br>Ka\u017ed\u00fd \u010dlovek m\u00f4\u017ee dosiahnu\u0165 v\u0161etko, o \u010dom <strong>SN\u00cdVA<\/strong> Ak ste <strong>ZDRAV\u00dd<\/strong> a <strong>SLOBODN\u00dd<\/strong> m\u00e1te <strong>N\u00c1DEJ<\/strong> a <strong>VYTRVALOS\u0164<\/strong>, m\u00f4\u017eete sa <strong>NAU\u010cI\u0164<\/strong> v\u0161etko \u010do potrebujete na dosiahnutie svojich <strong>CIE\u013dOV<\/strong> v priebehu <strong>\u010cASU<\/strong>. &#8220;<\/p><cite>Patrik Rosa<\/cite><\/blockquote><\/figure>\n\n\n\n<h3 class=\"wp-block-heading has-text-align-center\">MOTTO<\/h3>\n\n\n\n<figure class=\"wp-block-pullquote is-style-default has-border-color has-black-color has-text-color\" style=\"border-color:#000000\"><blockquote><p>             H\u013ead\u00e1m sp\u00f4soby, ako by\u0165 u\u017eito\u010dn\u00fd. Nerob\u00edm to pre uznanie alebo sl\u00e1vu. Rob\u00edm to pre dobr\u00fd pocit. Pre m\u0148a. Rob\u00edm to aj pre \u013eud\u00ed, ktor\u00ed na m\u0148a zabudn\u00fa.                    <\/p><cite>Patrik Rosa<\/cite><\/blockquote><\/figure>","protected":false},"excerpt":{"rendered":"<p>&#8221; The greatest treasure every man has:Every person can achieve everything he DREAMS of. If you are HEALTHY and FREE you have HOPE and PERSISTENCE, you can LEARN everything you need to achieve your GOALS over TIME. &#8220; Patrik Rosa MOTTO &#8221; I am looking for ways to be useful.<\/p>\n<div class=\"belowpost\"><a class=\"btnmore icon-arrow\" href=\"https:\/\/biography.patrikrosa.sk\/sk\/motto\/\"><span>Read More<\/span><\/a><\/div>","protected":false},"author":1,"featured_media":0,"parent":0,"menu_order":0,"comment_status":"closed","ping_status":"closed","template":"","meta":{"footnotes":""},"class_list":["post-95","page","type-page","status-publish","hentry"],"_links":{"self":[{"href":"https:\/\/biography.patrikrosa.sk\/sk\/wp-json\/wp\/v2\/pages\/95","targetHints":{"allow":["GET"]}}],"collection":[{"href":"https:\/\/biography.patrikrosa.sk\/sk\/wp-json\/wp\/v2\/pages"}],"about":[{"href":"https:\/\/biography.patrikrosa.sk\/sk\/wp-json\/wp\/v2\/types\/page"}],"author":[{"embeddable":true,"href":"https:\/\/biography.patrikrosa.sk\/sk\/wp-json\/wp\/v2\/users\/1"}],"replies":[{"embeddable":true,"href":"https:\/\/biography.patrikrosa.sk\/sk\/wp-json\/wp\/v2\/comments?post=95"}],"version-history":[{"count":0,"href":"https:\/\/biography.patrikrosa.sk\/sk\/wp-json\/wp\/v2\/pages\/95\/revisions"}],"wp:attachment":[{"href":"https:\/\/biography.patrikrosa.sk\/sk\/wp-json\/wp\/v2\/media?parent=95"}],"curies":[{"name":"wp","href":"https:\/\/api.w.org\/{rel}","templated":true}]}}